{"id":399,"date":"2022-08-31T17:41:57","date_gmt":"2022-08-31T17:41:57","guid":{"rendered":"https:\/\/set4solutions.fr\/careers\/"},"modified":"2022-09-12T12:35:48","modified_gmt":"2022-09-12T12:35:48","slug":"careers","status":"publish","type":"page","link":"https:\/\/set4solutions.fr\/fr\/careers\/","title":{"rendered":"Careers"},"content":{"rendered":"\t\t<div data-elementor-type=\"wp-page\" data-elementor-id=\"399\" class=\"elementor elementor-399 elementor-247\">\n\t\t\t\t\t\t\t\t\t<section class=\"elementor-section elementor-top-section elementor-element elementor-element-48b3ff94 elementor-section-height-min-height elementor-section-boxed elementor-section-height-default elementor-section-items-middle\" data-id=\"48b3ff94\" data-element_type=\"section\" data-settings=\"{&quot;background_background&quot;:&quot;classic&quot;,&quot;animation&quot;:&quot;none&quot;}\">\n\t\t\t\t\t\t\t<div class=\"elementor-background-overlay\"><\/div>\n\t\t\t\t\t\t\t<div class=\"elementor-container elementor-column-gap-default\">\n\t\t\t\t\t<div class=\"elementor-column elementor-col-100 elementor-top-column elementor-element elementor-element-76d54cb\" data-id=\"76d54cb\" data-element_type=\"column\">\n\t\t\t<div class=\"elementor-widget-wrap elementor-element-populated\">\n\t\t\t\t\t\t\t\t<div class=\"elementor-element elementor-element-124eb903 elementor-widget elementor-widget-heading\" data-id=\"124eb903\" data-element_type=\"widget\" data-settings=\"{&quot;_animation&quot;:&quot;none&quot;}\" data-widget_type=\"heading.default\">\n\t\t\t\t<div class=\"elementor-widget-container\">\n\t\t\t<style>\/*! elementor - v3.6.5 - 27-04-2022 *\/\n.elementor-heading-title{padding:0;margin:0;line-height:1}.elementor-widget-heading .elementor-heading-title[class*=elementor-size-]>a{color:inherit;font-size:inherit;line-height:inherit}.elementor-widget-heading .elementor-heading-title.elementor-size-small{font-size:15px}.elementor-widget-heading .elementor-heading-title.elementor-size-medium{font-size:19px}.elementor-widget-heading .elementor-heading-title.elementor-size-large{font-size:29px}.elementor-widget-heading .elementor-heading-title.elementor-size-xl{font-size:39px}.elementor-widget-heading .elementor-heading-title.elementor-size-xxl{font-size:59px}<\/style><h2 class=\"elementor-heading-title elementor-size-default\">Carri\u00e8res<\/h2>\t\t<\/div>\n\t\t\t\t<\/div>\n\t\t\t\t<div class=\"elementor-element elementor-element-1114ebc6 elementor-widget elementor-widget-text-editor\" data-id=\"1114ebc6\" data-element_type=\"widget\" data-widget_type=\"text-editor.default\">\n\t\t\t\t<div class=\"elementor-widget-container\">\n\t\t\t<style>\/*! elementor - v3.6.5 - 27-04-2022 *\/\n.elementor-widget-text-editor.elementor-drop-cap-view-stacked .elementor-drop-cap{background-color:#818a91;color:#fff}.elementor-widget-text-editor.elementor-drop-cap-view-framed .elementor-drop-cap{color:#818a91;border:3px solid;background-color:transparent}.elementor-widget-text-editor:not(.elementor-drop-cap-view-default) .elementor-drop-cap{margin-top:8px}.elementor-widget-text-editor:not(.elementor-drop-cap-view-default) .elementor-drop-cap-letter{width:1em;height:1em}.elementor-widget-text-editor .elementor-drop-cap{float:left;text-align:center;line-height:1;font-size:50px}.elementor-widget-text-editor .elementor-drop-cap-letter{display:inline-block}<\/style>\t\t\t\t<div class=\"phenom-desc\"><div class=\"comment-container\"><div class=\"action-comment can-view-video markeddown js-comment\" dir=\"auto\"><div class=\"current-comment js-friendly-links js-open-card\"><p>Faites partie de quelque chose de plus grand qu&rsquo;un simple emploi. Ensemble, nous pouvons faire plus.<\/p><\/div><\/div><\/div><\/div>\t\t\t\t\t\t<\/div>\n\t\t\t\t<\/div>\n\t\t\t\t\t<\/div>\n\t\t<\/div>\n\t\t\t\t\t\t\t<\/div>\n\t\t<\/section>\n\t\t\t\t<section class=\"elementor-section elementor-top-section elementor-element elementor-element-6a65c72c elementor-section-boxed elementor-section-height-default elementor-section-height-default\" data-id=\"6a65c72c\" data-element_type=\"section\" data-settings=\"{&quot;background_background&quot;:&quot;classic&quot;}\">\n\t\t\t\t\t\t\t<div class=\"elementor-background-overlay\"><\/div>\n\t\t\t\t\t\t\t<div class=\"elementor-container elementor-column-gap-default\">\n\t\t\t\t\t<div class=\"elementor-column elementor-col-25 elementor-top-column elementor-element elementor-element-50391aa7\" data-id=\"50391aa7\" data-element_type=\"column\">\n\t\t\t<div class=\"elementor-widget-wrap elementor-element-populated\">\n\t\t\t\t\t\t\t\t<div class=\"elementor-element elementor-element-290b3b6 elementor-position-left elementor-view-default elementor-mobile-position-top elementor-vertical-align-top elementor-widget elementor-widget-icon-box\" data-id=\"290b3b6\" data-element_type=\"widget\" data-widget_type=\"icon-box.default\">\n\t\t\t\t<div class=\"elementor-widget-container\">\n\t\t\t<link rel=\"stylesheet\" href=\"https:\/\/set4solutions.fr\/wp-content\/plugins\/elementor\/assets\/css\/widget-icon-box.min.css\">\t\t<div class=\"elementor-icon-box-wrapper\">\n\t\t\t\t\t\t<div class=\"elementor-icon-box-icon\">\n\t\t\t\t<span class=\"elementor-icon elementor-animation-\" >\n\t\t\t\t<i aria-hidden=\"true\" class=\"icon icon-globe\"><\/i>\t\t\t\t<\/span>\n\t\t\t<\/div>\n\t\t\t\t\t\t<div class=\"elementor-icon-box-content\">\n\t\t\t\t<h3 class=\"elementor-icon-box-title\">\n\t\t\t\t\t<span  >\n\t\t\t\t\t\tPresent in\t\t\t\t\t<\/span>\n\t\t\t\t<\/h3>\n\t\t\t\t\t\t\t\t\t<p class=\"elementor-icon-box-description\">\n\t\t\t\t\t\t26 countries\t\t\t\t\t<\/p>\n\t\t\t\t\t\t\t<\/div>\n\t\t<\/div>\n\t\t\t\t<\/div>\n\t\t\t\t<\/div>\n\t\t\t\t\t<\/div>\n\t\t<\/div>\n\t\t\t\t<div class=\"elementor-column elementor-col-25 elementor-top-column elementor-element elementor-element-421527f\" data-id=\"421527f\" data-element_type=\"column\">\n\t\t\t<div class=\"elementor-widget-wrap elementor-element-populated\">\n\t\t\t\t\t\t\t\t<div class=\"elementor-element elementor-element-80b7e76 elementor-position-left elementor-view-default elementor-mobile-position-top elementor-vertical-align-top elementor-widget elementor-widget-icon-box\" data-id=\"80b7e76\" data-element_type=\"widget\" data-widget_type=\"icon-box.default\">\n\t\t\t\t<div class=\"elementor-widget-container\">\n\t\t\t\t\t<div class=\"elementor-icon-box-wrapper\">\n\t\t\t\t\t\t<div class=\"elementor-icon-box-icon\">\n\t\t\t\t<span class=\"elementor-icon elementor-animation-\" >\n\t\t\t\t<i aria-hidden=\"true\" class=\"jki jki-stats-1-light\"><\/i>\t\t\t\t<\/span>\n\t\t\t<\/div>\n\t\t\t\t\t\t<div class=\"elementor-icon-box-content\">\n\t\t\t\t<h3 class=\"elementor-icon-box-title\">\n\t\t\t\t\t<span  >\n\t\t\t\t\t\tWe serve\t\t\t\t\t<\/span>\n\t\t\t\t<\/h3>\n\t\t\t\t\t\t\t\t\t<p class=\"elementor-icon-box-description\">\n\t\t\t\t\t\t28 markets\t\t\t\t\t<\/p>\n\t\t\t\t\t\t\t<\/div>\n\t\t<\/div>\n\t\t\t\t<\/div>\n\t\t\t\t<\/div>\n\t\t\t\t\t<\/div>\n\t\t<\/div>\n\t\t\t\t<div class=\"elementor-column elementor-col-25 elementor-top-column elementor-element elementor-element-286006f\" data-id=\"286006f\" data-element_type=\"column\">\n\t\t\t<div class=\"elementor-widget-wrap elementor-element-populated\">\n\t\t\t\t\t\t\t\t<div class=\"elementor-element elementor-element-dc689ee elementor-position-left elementor-view-default elementor-mobile-position-top elementor-vertical-align-top elementor-widget elementor-widget-icon-box\" data-id=\"dc689ee\" data-element_type=\"widget\" data-widget_type=\"icon-box.default\">\n\t\t\t\t<div class=\"elementor-widget-container\">\n\t\t\t\t\t<div class=\"elementor-icon-box-wrapper\">\n\t\t\t\t\t\t<div class=\"elementor-icon-box-icon\">\n\t\t\t\t<span class=\"elementor-icon elementor-animation-\" >\n\t\t\t\t<i aria-hidden=\"true\" class=\"icon icon-worker\"><\/i>\t\t\t\t<\/span>\n\t\t\t<\/div>\n\t\t\t\t\t\t<div class=\"elementor-icon-box-content\">\n\t\t\t\t<h3 class=\"elementor-icon-box-title\">\n\t\t\t\t\t<span  >\n\t\t\t\t\t\tOver\t\t\t\t\t<\/span>\n\t\t\t\t<\/h3>\n\t\t\t\t\t\t\t\t\t<p class=\"elementor-icon-box-description\">\n\t\t\t\t\t\t15 employees\t\t\t\t\t<\/p>\n\t\t\t\t\t\t\t<\/div>\n\t\t<\/div>\n\t\t\t\t<\/div>\n\t\t\t\t<\/div>\n\t\t\t\t\t<\/div>\n\t\t<\/div>\n\t\t\t\t<div class=\"elementor-column elementor-col-25 elementor-top-column elementor-element elementor-element-779cf87\" data-id=\"779cf87\" data-element_type=\"column\">\n\t\t\t<div class=\"elementor-widget-wrap elementor-element-populated\">\n\t\t\t\t\t\t\t\t<div class=\"elementor-element elementor-element-475e9dd elementor-position-left elementor-view-default elementor-mobile-position-top elementor-vertical-align-top elementor-widget elementor-widget-icon-box\" data-id=\"475e9dd\" data-element_type=\"widget\" data-widget_type=\"icon-box.default\">\n\t\t\t\t<div class=\"elementor-widget-container\">\n\t\t\t\t\t<div class=\"elementor-icon-box-wrapper\">\n\t\t\t\t\t\t<div class=\"elementor-icon-box-icon\">\n\t\t\t\t<span class=\"elementor-icon elementor-animation-\" >\n\t\t\t\t<i aria-hidden=\"true\" class=\"jki jki-globe-line\"><\/i>\t\t\t\t<\/span>\n\t\t\t<\/div>\n\t\t\t\t\t\t<div class=\"elementor-icon-box-content\">\n\t\t\t\t<h3 class=\"elementor-icon-box-title\">\n\t\t\t\t\t<span  >\n\t\t\t\t\t\tServices in\t\t\t\t\t<\/span>\n\t\t\t\t<\/h3>\n\t\t\t\t\t\t\t\t\t<p class=\"elementor-icon-box-description\">\n\t\t\t\t\t\t72 languages\t\t\t\t\t<\/p>\n\t\t\t\t\t\t\t<\/div>\n\t\t<\/div>\n\t\t\t\t<\/div>\n\t\t\t\t<\/div>\n\t\t\t\t\t<\/div>\n\t\t<\/div>\n\t\t\t\t\t\t\t<\/div>\n\t\t<\/section>\n\t\t\t\t<section class=\"elementor-section elementor-top-section elementor-element elementor-element-62211149 elementor-section-boxed elementor-section-height-default elementor-section-height-default\" data-id=\"62211149\" data-element_type=\"section\" data-settings=\"{&quot;background_background&quot;:&quot;classic&quot;}\">\n\t\t\t\t\t\t\t<div class=\"elementor-background-overlay\"><\/div>\n\t\t\t\t\t\t\t<div class=\"elementor-container elementor-column-gap-default\">\n\t\t\t\t\t<div class=\"elementor-column elementor-col-50 elementor-top-column elementor-element elementor-element-7f2427e7\" data-id=\"7f2427e7\" data-element_type=\"column\">\n\t\t\t<div class=\"elementor-widget-wrap elementor-element-populated\">\n\t\t\t\t\t\t\t\t<div class=\"elementor-element elementor-element-7a0a3713 elementor-widget elementor-widget-image\" data-id=\"7a0a3713\" data-element_type=\"widget\" data-widget_type=\"image.default\">\n\t\t\t\t<div class=\"elementor-widget-container\">\n\t\t\t<style>\/*! elementor - v3.6.5 - 27-04-2022 *\/\n.elementor-widget-image{text-align:center}.elementor-widget-image a{display:inline-block}.elementor-widget-image a img[src$=\".svg\"]{width:48px}.elementor-widget-image img{vertical-align:middle;display:inline-block}<\/style>\t\t\t\t\t\t\t\t\t\t\t\t<img loading=\"lazy\" decoding=\"async\" width=\"600\" height=\"762\" src=\"https:\/\/set4solutions.fr\/wp-content\/uploads\/2022\/09\/smiling-businesswoman-with-pen-conference-copy.jpg\" class=\"attachment-full size-full\" alt=\"\" srcset=\"https:\/\/set4solutions.fr\/wp-content\/uploads\/2022\/09\/smiling-businesswoman-with-pen-conference-copy.jpg 600w, https:\/\/set4solutions.fr\/wp-content\/uploads\/2022\/09\/smiling-businesswoman-with-pen-conference-copy-236x300.jpg 236w\" sizes=\"auto, (max-width: 600px) 100vw, 600px\" \/>\t\t\t\t\t\t\t\t\t\t\t\t\t\t\t<\/div>\n\t\t\t\t<\/div>\n\t\t\t\t\t<\/div>\n\t\t<\/div>\n\t\t\t\t<div class=\"elementor-column elementor-col-50 elementor-top-column elementor-element elementor-element-3d77d317\" data-id=\"3d77d317\" data-element_type=\"column\">\n\t\t\t<div class=\"elementor-widget-wrap elementor-element-populated\">\n\t\t\t\t\t\t\t\t<div class=\"elementor-element elementor-element-4f34ae90 elementor-widget elementor-widget-heading\" data-id=\"4f34ae90\" data-element_type=\"widget\" data-widget_type=\"heading.default\">\n\t\t\t\t<div class=\"elementor-widget-container\">\n\t\t\t<div class=\"elementor-heading-title elementor-size-default\">Cr\u00e9ez maintenant un meilleur..\n\n<\/div>\t\t<\/div>\n\t\t\t\t<\/div>\n\t\t\t\t<div class=\"elementor-element elementor-element-383ca4e4 elementor-widget elementor-widget-heading\" data-id=\"383ca4e4\" data-element_type=\"widget\" data-widget_type=\"heading.default\">\n\t\t\t\t<div class=\"elementor-widget-container\">\n\t\t\t<h2 class=\"elementor-heading-title elementor-size-default\">Futur<\/h2>\t\t<\/div>\n\t\t\t\t<\/div>\n\t\t\t\t<div class=\"elementor-element elementor-element-1963f0d2 elementor-widget elementor-widget-text-editor\" data-id=\"1963f0d2\" data-element_type=\"widget\" data-widget_type=\"text-editor.default\">\n\t\t\t\t<div class=\"elementor-widget-container\">\n\t\t\t\t\t\t\t<div id=\"shortcode-1553418116440-966f0058-63e4\" class=\"vc_row wpb_row vc_row-fluid albedo-custom-css-added\" data-custom-css=\" #shortcode-1553418116440-966f0058-63e4 {background-repeat: no-repeat; background-position: left top; }\"><div id=\"shortcode-1553418116446-834e5d4c-1d97\" class=\"wpb_column vc_column_container vc_col-sm-12 albedo-custom-css-added\" data-custom-css=\" #shortcode-1553418116446-834e5d4c-1d97 {background-repeat: no-repeat; background-position: left top; }\"><div class=\"vc_column-inner\"><div class=\"wpb_wrapper\"><div class=\"wpb_text_column wpb_content_element \"><div class=\"wpb_wrapper\"><div class=\"dropcap style-blue\"><div class=\"phenom-desc\"><div class=\"comment-container\"><div class=\"action-comment can-view-video markeddown js-comment\" dir=\"auto\"><div class=\"current-comment js-friendly-links js-open-card\"><p>Faites partie de quelque chose de plus grand qu&rsquo;un simple emploi. Ensemble, nous pouvons faire plus<\/p><p>Nous attirons et conservons les meilleures personnes du secteur parce que nous croyons qu&rsquo;il faut offrir un environnement de travail inclusif, favorable et inspirant \u00e0 nos \u00e9quipes dans le monde entier.<\/p><p>Nous sommes extr\u00eamement fiers de nous associer \u00e0 vous en tant qu&rsquo;individus exceptionnels, et de partager votre exemple de force, de t\u00e9nacit\u00e9 et de r\u00e9ussite avec le monde entier.<\/p><p>C&rsquo;est parti !<\/p><\/div><\/div><\/div><\/div><\/div><\/div><\/div><\/div><\/div><\/div><\/div>\t\t\t\t\t\t<\/div>\n\t\t\t\t<\/div>\n\t\t\t\t\t<\/div>\n\t\t<\/div>\n\t\t\t\t\t\t\t<\/div>\n\t\t<\/section>\n\t\t\t\t<section class=\"elementor-section elementor-top-section elementor-element elementor-element-5428fd8d elementor-section-boxed elementor-section-height-default elementor-section-height-default\" data-id=\"5428fd8d\" data-element_type=\"section\" data-settings=\"{&quot;background_background&quot;:&quot;classic&quot;}\">\n\t\t\t\t\t\t\t<div class=\"elementor-background-overlay\"><\/div>\n\t\t\t\t\t\t\t<div class=\"elementor-container elementor-column-gap-default\">\n\t\t\t\t\t<div class=\"elementor-column elementor-col-100 elementor-top-column elementor-element elementor-element-1d16478c\" data-id=\"1d16478c\" data-element_type=\"column\">\n\t\t\t<div class=\"elementor-widget-wrap elementor-element-populated\">\n\t\t\t\t\t\t\t\t<div class=\"elementor-element elementor-element-30f616e9 elementor-widget elementor-widget-text-editor\" data-id=\"30f616e9\" data-element_type=\"widget\" data-widget_type=\"text-editor.default\">\n\t\t\t\t<div class=\"elementor-widget-container\">\n\t\t\t\t\t\t\t<p>Nous recherchons des personnes sans crainte. Des personnes qui pensent que si vous ne faites pas de votre mieux, cela n&rsquo;en vaut pas la peine.<\/p>\t\t\t\t\t\t<\/div>\n\t\t\t\t<\/div>\n\t\t\t\t\t<\/div>\n\t\t<\/div>\n\t\t\t\t\t\t\t<\/div>\n\t\t<\/section>\n\t\t\t\t<section class=\"elementor-section elementor-top-section elementor-element elementor-element-7743365f elementor-section-boxed elementor-section-height-default elementor-section-height-default\" data-id=\"7743365f\" data-element_type=\"section\" data-settings=\"{&quot;background_background&quot;:&quot;classic&quot;}\">\n\t\t\t\t\t\t\t<div class=\"elementor-background-overlay\"><\/div>\n\t\t\t\t\t\t\t<div class=\"elementor-container elementor-column-gap-default\">\n\t\t\t\t\t<div class=\"elementor-column elementor-col-50 elementor-top-column elementor-element elementor-element-b5e0ab5\" data-id=\"b5e0ab5\" data-element_type=\"column\">\n\t\t\t<div class=\"elementor-widget-wrap elementor-element-populated\">\n\t\t\t\t\t\t\t\t<div class=\"elementor-element elementor-element-1e5b144a elementor-widget elementor-widget-heading\" data-id=\"1e5b144a\" data-element_type=\"widget\" data-widget_type=\"heading.default\">\n\t\t\t\t<div class=\"elementor-widget-container\">\n\t\t\t<div class=\"elementor-heading-title elementor-size-default\">Activit\u00e9s\n<\/div>\t\t<\/div>\n\t\t\t\t<\/div>\n\t\t\t\t<div class=\"elementor-element elementor-element-5d2737e2 elementor-widget elementor-widget-heading\" data-id=\"5d2737e2\" data-element_type=\"widget\" data-widget_type=\"heading.default\">\n\t\t\t\t<div class=\"elementor-widget-container\">\n\t\t\t<h2 class=\"elementor-heading-title elementor-size-default\">Activities<\/h2>\t\t<\/div>\n\t\t\t\t<\/div>\n\t\t\t\t<div class=\"elementor-element elementor-element-5361941a elementor-widget elementor-widget-text-editor\" data-id=\"5361941a\" data-element_type=\"widget\" data-widget_type=\"text-editor.default\">\n\t\t\t\t<div class=\"elementor-widget-container\">\n\t\t\t\t\t\t\t<div id=\"shortcode-1553418116440-966f0058-63e4\" class=\"vc_row wpb_row vc_row-fluid albedo-custom-css-added\" data-custom-css=\" #shortcode-1553418116440-966f0058-63e4 {background-repeat: no-repeat; background-position: left top; }\"><div id=\"shortcode-1553418116446-834e5d4c-1d97\" class=\"wpb_column vc_column_container vc_col-sm-12 albedo-custom-css-added\" data-custom-css=\" #shortcode-1553418116446-834e5d4c-1d97 {background-repeat: no-repeat; background-position: left top; }\"><div class=\"vc_column-inner\"><div class=\"wpb_wrapper\"><div class=\"wpb_text_column wpb_content_element \"><div class=\"wpb_wrapper\"><div class=\"dropcap style-blue\"><div id=\"shortcode-1554035814397-b41ebc12-3ff9\" class=\"vc_row wpb_row vc_row-fluid albedo-custom-css-added\" data-custom-css=\" #shortcode-1554035814397-b41ebc12-3ff9 {background-repeat: no-repeat; background-position: left top; }\"><div id=\"shortcode-1554035814426-9a3cb462-41ab\" class=\"wpb_column vc_column_container vc_col-sm-6 albedo-custom-css-added\" data-custom-css=\" #shortcode-1554035814426-9a3cb462-41ab {background-repeat: no-repeat; background-position: left top; }\"><div class=\"vc_column-inner\"><div class=\"wpb_wrapper\"><div class=\"wpb_text_column wpb_content_element \"><div class=\"wpb_wrapper\"><div class=\"phenom-desc\"><div class=\"comment-container\"><div class=\"action-comment can-view-video markeddown js-comment\" dir=\"auto\"><div class=\"current-comment js-friendly-links js-open-card\"><p>Activit\u00e9s d&rsquo;\u00e9quipe chez Set4solutions<\/p><p>Nous voulons que nos collaborateurs soient inspir\u00e9s et motiv\u00e9s. Nous voulons qu&rsquo;ils soient fiers d&rsquo;appartenir \u00e0 notre \u00e9quipe, c&rsquo;est pourquoi nous investissons autant dans nos programmes, nos initiatives relationnelles et nos campagnes internes. Nous travaillons dur pour cr\u00e9er le meilleur endroit pour eux.<\/p><p>Pour s&rsquo;amuser<br \/>Renforcement de l&rsquo;\u00e9quipe<br \/>Le Set4solutions Sport Club est un programme mondial qui promeut le sport en tant qu&rsquo;outil de bien-\u00eatre physique et d&rsquo;am\u00e9lioration de la qualit\u00e9 de vie, et qui motive nos collaborateurs \u00e0 jouer, \u00e0 s&rsquo;amuser et \u00e0 partager de bons moments avec leurs co\u00e9quipiers. Nous nous soucions de la sant\u00e9 et du bonheur de nos employ\u00e9s, et le sport est un excellent moyen de pratiquer des activit\u00e9s saines tout en c\u00e9l\u00e9brant notre diversit\u00e9 nationale et culturelle et l&rsquo;incroyable talent pr\u00e9sent dans toute l&rsquo;\u00e9quipe.<\/p><\/div><\/div><\/div><\/div><div class=\"phenom-reactions\"><div class=\"js-reaction-piles reaction-piles-container last\"><div class=\"reaction-piles reaction-piles-empty\">\u00a0<\/div><\/div><\/div><\/div><\/div><\/div><\/div><\/div><\/div><\/div><\/div><\/div><\/div><\/div><\/div><\/div>\t\t\t\t\t\t<\/div>\n\t\t\t\t<\/div>\n\t\t\t\t\t<\/div>\n\t\t<\/div>\n\t\t\t\t<div class=\"elementor-column elementor-col-50 elementor-top-column elementor-element elementor-element-5980a5f0\" data-id=\"5980a5f0\" data-element_type=\"column\">\n\t\t\t<div class=\"elementor-widget-wrap elementor-element-populated\">\n\t\t\t\t\t\t\t\t<div class=\"elementor-element elementor-element-65899229 elementor-widget elementor-widget-image\" data-id=\"65899229\" data-element_type=\"widget\" data-widget_type=\"image.default\">\n\t\t\t\t<div class=\"elementor-widget-container\">\n\t\t\t\t\t\t\t\t\t\t\t\t\t\t\t<img loading=\"lazy\" decoding=\"async\" width=\"600\" height=\"659\" src=\"https:\/\/set4solutions.fr\/wp-content\/uploads\/2022\/09\/smiling-broadly-business-woman-showing-thumb-up-copy.jpg\" class=\"attachment-full size-full\" alt=\"\" srcset=\"https:\/\/set4solutions.fr\/wp-content\/uploads\/2022\/09\/smiling-broadly-business-woman-showing-thumb-up-copy.jpg 600w, https:\/\/set4solutions.fr\/wp-content\/uploads\/2022\/09\/smiling-broadly-business-woman-showing-thumb-up-copy-273x300.jpg 273w\" sizes=\"auto, (max-width: 600px) 100vw, 600px\" \/>\t\t\t\t\t\t\t\t\t\t\t\t\t\t\t<\/div>\n\t\t\t\t<\/div>\n\t\t\t\t\t<\/div>\n\t\t<\/div>\n\t\t\t\t\t\t\t<\/div>\n\t\t<\/section>\n\t\t\t\t<section class=\"elementor-section elementor-top-section elementor-element elementor-element-30617017 elementor-section-boxed elementor-section-height-default elementor-section-height-default\" data-id=\"30617017\" data-element_type=\"section\" data-settings=\"{&quot;background_background&quot;:&quot;classic&quot;}\">\n\t\t\t\t\t\t\t<div class=\"elementor-background-overlay\"><\/div>\n\t\t\t\t\t\t\t<div class=\"elementor-container elementor-column-gap-default\">\n\t\t\t\t\t<div class=\"elementor-column elementor-col-100 elementor-top-column elementor-element elementor-element-25fbdfca\" data-id=\"25fbdfca\" data-element_type=\"column\">\n\t\t\t<div class=\"elementor-widget-wrap elementor-element-populated\">\n\t\t\t\t\t\t\t\t<div class=\"elementor-element elementor-element-22e34cdb elementor-widget elementor-widget-text-editor\" data-id=\"22e34cdb\" data-element_type=\"widget\" data-widget_type=\"text-editor.default\">\n\t\t\t\t<div class=\"elementor-widget-container\">\n\t\t\t\t\t\t\t<div class=\"wpb_text_column wpb_content_element \"><div class=\"wpb_wrapper\"><div class=\"wpb_text_column wpb_content_element \"><div class=\"wpb_wrapper\"><p>Des personnes qui croient en une nouvelle fa\u00e7on d&rsquo;\u00e9couter, de comprendre et d&rsquo;interagir &#8211; des personnes qui croient en l&rsquo;homme. Alors, si vous \u00eates pr\u00eat \u00e0 relever un d\u00e9fi, nous sommes pr\u00eats \u00e0 vous accueillir.<\/p><\/div><\/div><\/div><\/div>\t\t\t\t\t\t<\/div>\n\t\t\t\t<\/div>\n\t\t\t\t\t<\/div>\n\t\t<\/div>\n\t\t\t\t\t\t\t<\/div>\n\t\t<\/section>\n\t\t\t\t\t\t\t<\/div>\n\t\t","protected":false},"excerpt":{"rendered":"<p>Carri\u00e8res Faites partie de quelque chose de plus grand qu&rsquo;un simple emploi. Ensemble, nous pouvons faire plus. Present in 26 countries We serve 28 markets Over 15 employees Services in 72 languages Cr\u00e9ez maintenant un meilleur.. Futur Faites partie de quelque chose de plus grand qu&rsquo;un simple emploi. Ensemble, nous pouvons faire plus Nous attirons [&hellip;]<\/p>\n","protected":false},"author":1,"featured_media":0,"parent":0,"menu_order":0,"comment_status":"closed","ping_status":"closed","template":"","meta":{"footnotes":""},"class_list":["post-399","page","type-page","status-publish","hentry"],"_links":{"self":[{"href":"https:\/\/set4solutions.fr\/fr\/wp-json\/wp\/v2\/pages\/399","targetHints":{"allow":["GET"]}}],"collection":[{"href":"https:\/\/set4solutions.fr\/fr\/wp-json\/wp\/v2\/pages"}],"about":[{"href":"https:\/\/set4solutions.fr\/fr\/wp-json\/wp\/v2\/types\/page"}],"author":[{"embeddable":true,"href":"https:\/\/set4solutions.fr\/fr\/wp-json\/wp\/v2\/users\/1"}],"replies":[{"embeddable":true,"href":"https:\/\/set4solutions.fr\/fr\/wp-json\/wp\/v2\/comments?post=399"}],"version-history":[{"count":20,"href":"https:\/\/set4solutions.fr\/fr\/wp-json\/wp\/v2\/pages\/399\/revisions"}],"predecessor-version":[{"id":726,"href":"https:\/\/set4solutions.fr\/fr\/wp-json\/wp\/v2\/pages\/399\/revisions\/726"}],"wp:attachment":[{"href":"https:\/\/set4solutions.fr\/fr\/wp-json\/wp\/v2\/media?parent=399"}],"curies":[{"name":"wp","href":"https:\/\/api.w.org\/{rel}","templated":true}]}}