{"id":628,"date":"2022-09-03T11:43:34","date_gmt":"2022-09-03T11:43:34","guid":{"rendered":"https:\/\/set4solutions.fr\/back-office\/"},"modified":"2022-09-07T07:49:41","modified_gmt":"2022-09-07T07:49:41","slug":"back-office","status":"publish","type":"page","link":"https:\/\/set4solutions.fr\/fr\/back-office\/","title":{"rendered":"Back Office"},"content":{"rendered":"\t\t<div data-elementor-type=\"wp-page\" data-elementor-id=\"628\" class=\"elementor elementor-628 elementor-295\">\n\t\t\t\t\t\t\t\t\t<section class=\"elementor-section elementor-top-section elementor-element elementor-element-48b3ff94 elementor-section-height-min-height elementor-section-boxed elementor-section-height-default elementor-section-items-middle\" data-id=\"48b3ff94\" data-element_type=\"section\" data-settings=\"{&quot;background_background&quot;:&quot;classic&quot;,&quot;animation&quot;:&quot;none&quot;}\">\n\t\t\t\t\t\t\t<div class=\"elementor-background-overlay\"><\/div>\n\t\t\t\t\t\t\t<div class=\"elementor-container elementor-column-gap-default\">\n\t\t\t\t\t<div class=\"elementor-column elementor-col-100 elementor-top-column elementor-element elementor-element-76d54cb\" data-id=\"76d54cb\" data-element_type=\"column\">\n\t\t\t<div class=\"elementor-widget-wrap elementor-element-populated\">\n\t\t\t\t\t\t\t\t<div class=\"elementor-element elementor-element-124eb903 elementor-widget elementor-widget-heading\" data-id=\"124eb903\" data-element_type=\"widget\" data-settings=\"{&quot;_animation&quot;:&quot;none&quot;}\" data-widget_type=\"heading.default\">\n\t\t\t\t<div class=\"elementor-widget-container\">\n\t\t\t<style>\/*! elementor - v3.6.5 - 27-04-2022 *\/\n.elementor-heading-title{padding:0;margin:0;line-height:1}.elementor-widget-heading .elementor-heading-title[class*=elementor-size-]>a{color:inherit;font-size:inherit;line-height:inherit}.elementor-widget-heading .elementor-heading-title.elementor-size-small{font-size:15px}.elementor-widget-heading .elementor-heading-title.elementor-size-medium{font-size:19px}.elementor-widget-heading .elementor-heading-title.elementor-size-large{font-size:29px}.elementor-widget-heading .elementor-heading-title.elementor-size-xl{font-size:39px}.elementor-widget-heading .elementor-heading-title.elementor-size-xxl{font-size:59px}<\/style><h2 class=\"elementor-heading-title elementor-size-default\">Traitement du back-office<\/h2>\t\t<\/div>\n\t\t\t\t<\/div>\n\t\t\t\t<div class=\"elementor-element elementor-element-1114ebc6 elementor-widget elementor-widget-text-editor\" data-id=\"1114ebc6\" data-element_type=\"widget\" data-widget_type=\"text-editor.default\">\n\t\t\t\t<div class=\"elementor-widget-container\">\n\t\t\t<style>\/*! elementor - v3.6.5 - 27-04-2022 *\/\n.elementor-widget-text-editor.elementor-drop-cap-view-stacked .elementor-drop-cap{background-color:#818a91;color:#fff}.elementor-widget-text-editor.elementor-drop-cap-view-framed .elementor-drop-cap{color:#818a91;border:3px solid;background-color:transparent}.elementor-widget-text-editor:not(.elementor-drop-cap-view-default) .elementor-drop-cap{margin-top:8px}.elementor-widget-text-editor:not(.elementor-drop-cap-view-default) .elementor-drop-cap-letter{width:1em;height:1em}.elementor-widget-text-editor .elementor-drop-cap{float:left;text-align:center;line-height:1;font-size:50px}.elementor-widget-text-editor .elementor-drop-cap-letter{display:inline-block}<\/style>\t\t\t\t<p>Submerg\u00e9s par la transcription m\u00e9dicale ou la saisie de donn\u00e9es?<\/p>\t\t\t\t\t\t<\/div>\n\t\t\t\t<\/div>\n\t\t\t\t\t<\/div>\n\t\t<\/div>\n\t\t\t\t\t\t\t<\/div>\n\t\t<\/section>\n\t\t\t\t<section class=\"elementor-section elementor-top-section elementor-element elementor-element-6a65c72c elementor-section-boxed elementor-section-height-default elementor-section-height-default\" data-id=\"6a65c72c\" data-element_type=\"section\" data-settings=\"{&quot;background_background&quot;:&quot;classic&quot;}\">\n\t\t\t\t\t\t\t<div class=\"elementor-background-overlay\"><\/div>\n\t\t\t\t\t\t\t<div class=\"elementor-container elementor-column-gap-default\">\n\t\t\t\t\t<div class=\"elementor-column elementor-col-100 elementor-top-column elementor-element elementor-element-50391aa7\" data-id=\"50391aa7\" data-element_type=\"column\">\n\t\t\t<div class=\"elementor-widget-wrap\">\n\t\t\t\t\t\t\t\t\t<\/div>\n\t\t<\/div>\n\t\t\t\t\t\t\t<\/div>\n\t\t<\/section>\n\t\t\t\t<section class=\"elementor-section elementor-top-section elementor-element elementor-element-62211149 elementor-section-boxed elementor-section-height-default elementor-section-height-default\" data-id=\"62211149\" data-element_type=\"section\" data-settings=\"{&quot;background_background&quot;:&quot;classic&quot;}\">\n\t\t\t\t\t\t\t<div class=\"elementor-background-overlay\"><\/div>\n\t\t\t\t\t\t\t<div class=\"elementor-container elementor-column-gap-default\">\n\t\t\t\t\t<div class=\"elementor-column elementor-col-50 elementor-top-column elementor-element elementor-element-7f2427e7\" data-id=\"7f2427e7\" data-element_type=\"column\">\n\t\t\t<div class=\"elementor-widget-wrap elementor-element-populated\">\n\t\t\t\t\t\t\t\t<div class=\"elementor-element elementor-element-7a0a3713 elementor-widget elementor-widget-image\" data-id=\"7a0a3713\" data-element_type=\"widget\" data-widget_type=\"image.default\">\n\t\t\t\t<div class=\"elementor-widget-container\">\n\t\t\t<style>\/*! elementor - v3.6.5 - 27-04-2022 *\/\n.elementor-widget-image{text-align:center}.elementor-widget-image a{display:inline-block}.elementor-widget-image a img[src$=\".svg\"]{width:48px}.elementor-widget-image img{vertical-align:middle;display:inline-block}<\/style>\t\t\t\t\t\t\t\t\t\t\t\t<img loading=\"lazy\" decoding=\"async\" width=\"600\" height=\"715\" src=\"https:\/\/set4solutions.fr\/wp-content\/uploads\/2022\/09\/calc.jpg\" class=\"attachment-full size-full\" alt=\"\" srcset=\"https:\/\/set4solutions.fr\/wp-content\/uploads\/2022\/09\/calc.jpg 600w, https:\/\/set4solutions.fr\/wp-content\/uploads\/2022\/09\/calc-252x300.jpg 252w\" sizes=\"auto, (max-width: 600px) 100vw, 600px\" \/>\t\t\t\t\t\t\t\t\t\t\t\t\t\t\t<\/div>\n\t\t\t\t<\/div>\n\t\t\t\t\t<\/div>\n\t\t<\/div>\n\t\t\t\t<div class=\"elementor-column elementor-col-50 elementor-top-column elementor-element elementor-element-3d77d317\" data-id=\"3d77d317\" data-element_type=\"column\">\n\t\t\t<div class=\"elementor-widget-wrap elementor-element-populated\">\n\t\t\t\t\t\t\t\t<div class=\"elementor-element elementor-element-4f34ae90 elementor-widget elementor-widget-heading\" data-id=\"4f34ae90\" data-element_type=\"widget\" data-widget_type=\"heading.default\">\n\t\t\t\t<div class=\"elementor-widget-container\">\n\t\t\t<div class=\"elementor-heading-title elementor-size-default\">Essayez-le maintenant!<\/div>\t\t<\/div>\n\t\t\t\t<\/div>\n\t\t\t\t<div class=\"elementor-element elementor-element-383ca4e4 elementor-widget elementor-widget-heading\" data-id=\"383ca4e4\" data-element_type=\"widget\" data-widget_type=\"heading.default\">\n\t\t\t\t<div class=\"elementor-widget-container\">\n\t\t\t<h2 class=\"elementor-heading-title elementor-size-default\">Nettoyage des donn\u00e9es<\/h2>\t\t<\/div>\n\t\t\t\t<\/div>\n\t\t\t\t<div class=\"elementor-element elementor-element-1963f0d2 elementor-widget elementor-widget-text-editor\" data-id=\"1963f0d2\" data-element_type=\"widget\" data-widget_type=\"text-editor.default\">\n\t\t\t\t<div class=\"elementor-widget-container\">\n\t\t\t\t\t\t\t<div id=\"shortcode-1553418116440-966f0058-63e4\" class=\"vc_row wpb_row vc_row-fluid albedo-custom-css-added\" data-custom-css=\" #shortcode-1553418116440-966f0058-63e4 {background-repeat: no-repeat; background-position: left top; }\"><div id=\"shortcode-1553418116446-834e5d4c-1d97\" class=\"wpb_column vc_column_container vc_col-sm-12 albedo-custom-css-added\" data-custom-css=\" #shortcode-1553418116446-834e5d4c-1d97 {background-repeat: no-repeat; background-position: left top; }\"><div class=\"vc_column-inner\"><div class=\"wpb_wrapper\"><div class=\"wpb_text_column wpb_content_element \"><div class=\"wpb_wrapper\"><div class=\"dropcap style-blue\"><p>Saisie manuelle des donn\u00e9es :<br \/>M\u00eame \u00e0 l&rsquo;\u00e8re de l&rsquo;automatisation, il arrive qu&rsquo;une exigence se pr\u00e9sente pour la saisie manuelle des donn\u00e9es, notamment pour les documents imprim\u00e9s, non structur\u00e9s ou manuscrits. La saisie manuelle de donn\u00e9es devient \u00e9galement importante lorsqu&rsquo;il faut saisir des donn\u00e9es dans des logiciels, tels que les applications CMS ou CRM. L&rsquo;externalisation de cette t\u00e2che aura un impact positif sur l&rsquo;entreprise.<\/p><p>Saisie des donn\u00e9es relatives aux factures et aux bons de commande :<br \/>L&rsquo;\u00e9quipe comptable sera soulag\u00e9e d&rsquo;une pression importante lorsque la saisie des donn\u00e9es des factures et des bons de commande (dans n&rsquo;importe quel format num\u00e9rique), des notes de cr\u00e9dit et de d\u00e9bit, ainsi que la mise \u00e0 jour du CMS, des logiciels d&rsquo;application commerciale et des syst\u00e8mes de gestion des documents seront externalis\u00e9es.<\/p><\/div><\/div><\/div><\/div><\/div><\/div><\/div>\t\t\t\t\t\t<\/div>\n\t\t\t\t<\/div>\n\t\t\t\t\t<\/div>\n\t\t<\/div>\n\t\t\t\t\t\t\t<\/div>\n\t\t<\/section>\n\t\t\t\t<section class=\"elementor-section elementor-top-section elementor-element elementor-element-5428fd8d elementor-section-boxed elementor-section-height-default elementor-section-height-default\" data-id=\"5428fd8d\" data-element_type=\"section\" data-settings=\"{&quot;background_background&quot;:&quot;classic&quot;}\">\n\t\t\t\t\t\t\t<div class=\"elementor-background-overlay\"><\/div>\n\t\t\t\t\t\t\t<div class=\"elementor-container elementor-column-gap-default\">\n\t\t\t\t\t<div class=\"elementor-column elementor-col-100 elementor-top-column elementor-element elementor-element-1d16478c\" data-id=\"1d16478c\" data-element_type=\"column\">\n\t\t\t<div class=\"elementor-widget-wrap elementor-element-populated\">\n\t\t\t\t\t\t\t\t<div class=\"elementor-element elementor-element-30f616e9 elementor-widget elementor-widget-text-editor\" data-id=\"30f616e9\" data-element_type=\"widget\" data-widget_type=\"text-editor.default\">\n\t\t\t\t<div class=\"elementor-widget-container\">\n\t\t\t\t\t\t\t\t\t\t\t\t\t<\/div>\n\t\t\t\t<\/div>\n\t\t\t\t<div class=\"elementor-element elementor-element-8151667 elementor-widget elementor-widget-text-editor\" data-id=\"8151667\" data-element_type=\"widget\" data-widget_type=\"text-editor.default\">\n\t\t\t\t<div class=\"elementor-widget-container\">\n\t\t\t\t\t\t\t<p>Augmenter la r\u00e9solution au premier contact. Obtenez une meilleure id\u00e9e de ce que veulent les clients.<\/p>\t\t\t\t\t\t<\/div>\n\t\t\t\t<\/div>\n\t\t\t\t\t<\/div>\n\t\t<\/div>\n\t\t\t\t\t\t\t<\/div>\n\t\t<\/section>\n\t\t\t\t<section class=\"elementor-section elementor-top-section elementor-element elementor-element-7743365f elementor-section-boxed elementor-section-height-default elementor-section-height-default\" data-id=\"7743365f\" data-element_type=\"section\" data-settings=\"{&quot;background_background&quot;:&quot;classic&quot;}\">\n\t\t\t\t\t\t\t<div class=\"elementor-background-overlay\"><\/div>\n\t\t\t\t\t\t\t<div class=\"elementor-container elementor-column-gap-default\">\n\t\t\t\t\t<div class=\"elementor-column elementor-col-50 elementor-top-column elementor-element elementor-element-b5e0ab5\" data-id=\"b5e0ab5\" data-element_type=\"column\">\n\t\t\t<div class=\"elementor-widget-wrap elementor-element-populated\">\n\t\t\t\t\t\t\t\t<div class=\"elementor-element elementor-element-1e5b144a elementor-widget elementor-widget-heading\" data-id=\"1e5b144a\" data-element_type=\"widget\" data-widget_type=\"heading.default\">\n\t\t\t\t<div class=\"elementor-widget-container\">\n\t\t\t<div class=\"elementor-heading-title elementor-size-default\">En savoir plus..<\/div>\t\t<\/div>\n\t\t\t\t<\/div>\n\t\t\t\t<div class=\"elementor-element elementor-element-5d2737e2 elementor-widget elementor-widget-heading\" data-id=\"5d2737e2\" data-element_type=\"widget\" data-widget_type=\"heading.default\">\n\t\t\t\t<div class=\"elementor-widget-container\">\n\t\t\t<h2 class=\"elementor-heading-title elementor-size-default\">Saisie manuelle des donn\u00e9es<\/h2>\t\t<\/div>\n\t\t\t\t<\/div>\n\t\t\t\t<div class=\"elementor-element elementor-element-5361941a elementor-widget elementor-widget-text-editor\" data-id=\"5361941a\" data-element_type=\"widget\" data-widget_type=\"text-editor.default\">\n\t\t\t\t<div class=\"elementor-widget-container\">\n\t\t\t\t\t\t\t<div id=\"shortcode-1553418116440-966f0058-63e4\" class=\"vc_row wpb_row vc_row-fluid albedo-custom-css-added\" data-custom-css=\" #shortcode-1553418116440-966f0058-63e4 {background-repeat: no-repeat; background-position: left top; }\"><div id=\"shortcode-1553418116446-834e5d4c-1d97\" class=\"wpb_column vc_column_container vc_col-sm-12 albedo-custom-css-added\" data-custom-css=\" #shortcode-1553418116446-834e5d4c-1d97 {background-repeat: no-repeat; background-position: left top; }\"><div class=\"vc_column-inner\"><div class=\"wpb_wrapper\"><div class=\"wpb_text_column wpb_content_element \"><div class=\"wpb_wrapper\"><div class=\"dropcap style-blue\"><div id=\"shortcode-1554035814397-b41ebc12-3ff9\" class=\"vc_row wpb_row vc_row-fluid albedo-custom-css-added\" data-custom-css=\" #shortcode-1554035814397-b41ebc12-3ff9 {background-repeat: no-repeat; background-position: left top; }\"><div id=\"shortcode-1554035814426-9a3cb462-41ab\" class=\"wpb_column vc_column_container vc_col-sm-6 albedo-custom-css-added\" data-custom-css=\" #shortcode-1554035814426-9a3cb462-41ab {background-repeat: no-repeat; background-position: left top; }\"><div class=\"vc_column-inner\"><div class=\"wpb_wrapper\"><div class=\"wpb_text_column wpb_content_element \"><div class=\"wpb_wrapper\"><p>M\u00eame \u00e0 l&rsquo;\u00e8re de l&rsquo;automatisation, il arrive qu&rsquo;une exigence se pr\u00e9sente pour la saisie manuelle des donn\u00e9es, notamment pour les documents imprim\u00e9s, non structur\u00e9s ou manuscrits. La saisie manuelle de donn\u00e9es devient \u00e9galement importante lorsqu&rsquo;il faut saisir des donn\u00e9es dans des logiciels, tels que les applications CMS ou CRM. L&rsquo;externalisation de cette t\u00e2che aura un impact positif sur l&rsquo;entreprise.<\/p><p>Saisie des donn\u00e9es relatives aux factures et aux bons de commande :<br \/>L&rsquo;\u00e9quipe comptable sera soulag\u00e9e d&rsquo;une pression importante lorsque la saisie des donn\u00e9es des factures et des bons de commande (dans n&rsquo;importe quel format num\u00e9rique), des notes de cr\u00e9dit et de d\u00e9bit, ainsi que la mise \u00e0 jour du CMS, des logiciels d&rsquo;application commerciale et des syst\u00e8mes de gestion des documents seront externalis\u00e9es.<\/p><\/div><\/div><\/div><\/div><\/div><\/div><\/div><\/div><\/div><\/div><\/div><\/div><\/div>\t\t\t\t\t\t<\/div>\n\t\t\t\t<\/div>\n\t\t\t\t\t<\/div>\n\t\t<\/div>\n\t\t\t\t<div class=\"elementor-column elementor-col-50 elementor-top-column elementor-element elementor-element-5980a5f0\" data-id=\"5980a5f0\" data-element_type=\"column\">\n\t\t\t<div class=\"elementor-widget-wrap elementor-element-populated\">\n\t\t\t\t\t\t\t\t<div class=\"elementor-element elementor-element-65899229 elementor-widget elementor-widget-image\" data-id=\"65899229\" data-element_type=\"widget\" data-widget_type=\"image.default\">\n\t\t\t\t<div class=\"elementor-widget-container\">\n\t\t\t\t\t\t\t\t\t\t\t\t\t\t\t<img loading=\"lazy\" decoding=\"async\" width=\"600\" height=\"686\" src=\"https:\/\/set4solutions.fr\/wp-content\/uploads\/2022\/09\/stats-copy.jpg\" class=\"attachment-full size-full\" alt=\"\" srcset=\"https:\/\/set4solutions.fr\/wp-content\/uploads\/2022\/09\/stats-copy.jpg 600w, https:\/\/set4solutions.fr\/wp-content\/uploads\/2022\/09\/stats-copy-262x300.jpg 262w\" sizes=\"auto, (max-width: 600px) 100vw, 600px\" \/>\t\t\t\t\t\t\t\t\t\t\t\t\t\t\t<\/div>\n\t\t\t\t<\/div>\n\t\t\t\t\t<\/div>\n\t\t<\/div>\n\t\t\t\t\t\t\t<\/div>\n\t\t<\/section>\n\t\t\t\t<section class=\"elementor-section elementor-top-section elementor-element elementor-element-30617017 elementor-section-boxed elementor-section-height-default elementor-section-height-default\" data-id=\"30617017\" data-element_type=\"section\" data-settings=\"{&quot;background_background&quot;:&quot;classic&quot;}\">\n\t\t\t\t\t\t\t<div class=\"elementor-background-overlay\"><\/div>\n\t\t\t\t\t\t\t<div class=\"elementor-container elementor-column-gap-default\">\n\t\t\t\t\t<div class=\"elementor-column elementor-col-100 elementor-top-column elementor-element elementor-element-25fbdfca\" data-id=\"25fbdfca\" data-element_type=\"column\">\n\t\t\t<div class=\"elementor-widget-wrap elementor-element-populated\">\n\t\t\t\t\t\t\t\t<div class=\"elementor-element elementor-element-22e34cdb elementor-widget elementor-widget-text-editor\" data-id=\"22e34cdb\" data-element_type=\"widget\" data-widget_type=\"text-editor.default\">\n\t\t\t\t<div class=\"elementor-widget-container\">\n\t\t\t\t\t\t\t<div class=\"wpb_text_column wpb_content_element \"><div class=\"wpb_wrapper\"><div class=\"wpb_text_column wpb_content_element \"><div class=\"wpb_wrapper\"><div class=\"phenom-desc\"><div class=\"comment-container\"><div class=\"action-comment can-view-video markeddown js-comment\" dir=\"auto\"><div class=\"current-comment js-friendly-links js-open-card\"><p>Identifiez et anticipez les probl\u00e8mes \u00e0 r\u00e9soudre rapidement.<\/p><\/div><\/div><\/div><\/div><div class=\"phenom-reactions\"><div class=\"js-reaction-piles reaction-piles-container last\"><div class=\"reaction-piles reaction-piles-empty\">\u00a0<\/div><\/div><\/div><\/div><\/div><\/div><\/div>\t\t\t\t\t\t<\/div>\n\t\t\t\t<\/div>\n\t\t\t\t\t<\/div>\n\t\t<\/div>\n\t\t\t\t\t\t\t<\/div>\n\t\t<\/section>\n\t\t\t\t\t\t\t<\/div>\n\t\t","protected":false},"excerpt":{"rendered":"<p>Traitement du back-office Submerg\u00e9s par la transcription m\u00e9dicale ou la saisie de donn\u00e9es? Essayez-le maintenant! Nettoyage des donn\u00e9es Saisie manuelle des donn\u00e9es :M\u00eame \u00e0 l&rsquo;\u00e8re de l&rsquo;automatisation, il arrive qu&rsquo;une exigence se pr\u00e9sente pour la saisie manuelle des donn\u00e9es, notamment pour les documents imprim\u00e9s, non structur\u00e9s ou manuscrits. La saisie manuelle de donn\u00e9es devient \u00e9galement [&hellip;]<\/p>\n","protected":false},"author":1,"featured_media":0,"parent":0,"menu_order":0,"comment_status":"closed","ping_status":"closed","template":"","meta":{"footnotes":""},"class_list":["post-628","page","type-page","status-publish","hentry"],"_links":{"self":[{"href":"https:\/\/set4solutions.fr\/fr\/wp-json\/wp\/v2\/pages\/628","targetHints":{"allow":["GET"]}}],"collection":[{"href":"https:\/\/set4solutions.fr\/fr\/wp-json\/wp\/v2\/pages"}],"about":[{"href":"https:\/\/set4solutions.fr\/fr\/wp-json\/wp\/v2\/types\/page"}],"author":[{"embeddable":true,"href":"https:\/\/set4solutions.fr\/fr\/wp-json\/wp\/v2\/users\/1"}],"replies":[{"embeddable":true,"href":"https:\/\/set4solutions.fr\/fr\/wp-json\/wp\/v2\/comments?post=628"}],"version-history":[{"count":13,"href":"https:\/\/set4solutions.fr\/fr\/wp-json\/wp\/v2\/pages\/628\/revisions"}],"predecessor-version":[{"id":642,"href":"https:\/\/set4solutions.fr\/fr\/wp-json\/wp\/v2\/pages\/628\/revisions\/642"}],"wp:attachment":[{"href":"https:\/\/set4solutions.fr\/fr\/wp-json\/wp\/v2\/media?parent=628"}],"curies":[{"name":"wp","href":"https:\/\/api.w.org\/{rel}","templated":true}]}}